{"id":200,"date":"2025-06-17T06:34:21","date_gmt":"2025-06-17T06:34:21","guid":{"rendered":"https:\/\/demo.linker.website\/?post_type=product&#038;p=200"},"modified":"2025-06-17T06:34:21","modified_gmt":"2025-06-17T06:34:21","slug":"veido-masazuoklis-ir-kolageno-kaukiu-5-vnt-rinkinys-su-aktyvatoriumi","status":"publish","type":"product","link":"https:\/\/demo.linker.website\/?product=veido-masazuoklis-ir-kolageno-kaukiu-5-vnt-rinkinys-su-aktyvatoriumi","title":{"rendered":"Veido masa\u017euoklis ir kolageno kauki\u0173 (5 vnt.) rinkinys su aktyvatoriumi"},"content":{"rendered":"<h1 class=\"additional-info-sections__item-title\">Produkto nauda<\/h1>\n<p>Vibracinio masa\u017euoklio d\u0117ka aktyvinama kraujotaka, atpalaiduojamos mimikos rauk\u0161l\u0117s, pager\u0117ja limfotaka, skaist\u0117ja veidas, i\u0161nyksta paburkimai.<\/p>\n<p>Kartu naudojant kolageno lapelius su aktyvatoriumi &#8211; oda prisotinama dr\u0117gm\u0117s ir kolageno, u\u017esipildo rauk\u0161lel\u0117s, pager\u0117ja elastingumas, i\u0161saugo jaunyst\u0119, stabdo sen\u0117jim\u0105.<\/p>\n<p>Kolageno lapeliai ir kolageno aktyvatorius veikiami k\u016bno \u0161ilumos pama\u017eu i\u0161skiria aktyvi\u0105sias med\u017eiagas \u012f giliuosius odos sluoksnius, o masa\u017euoklio d\u0117ka liftinguojantis ir skaistinantis efektas dar labiau sustiprinamas.<\/p>\n<p>Proced\u016bra tinka visiems odos tipams bei ypa\u010d jautriai, dehidratavusiai odai.<\/p>\n<h2 class=\"additional-info-sections__item-title\" data-v-013f5865=\"\">Kaip naudoti priemones<\/h2>\n<p>1. Kruop\u0161\u010diai nuprauskite ir nusausinkite veido od\u0105.<br \/>\n2. Papurk\u0161kite veid\u0105 aktyvatoriumi ir \u0161velniai u\u017ed\u0117kite kolageno lapelius ant veido pagal zonas ir v\u0117l papurk\u0161kite aktyvatoriumi, kad lapeliai gerai prilipt\u0173 prie odos ir prad\u0117t\u0173 tirpti.<br \/>\n3. Su masa\u017euoklio pagalba, masa\u017euokite veid\u0105 pagal masa\u017eines linijas, skirstydami priemon\u0119 apie \u00a015 \u00a0minu\u010di\u0173. Jei tr\u016bksta dr\u0117gm\u0117s, dar papurk\u0161kite aktyvatoriaus.<br \/>\n4. Atliekant proced\u016br\u0105 vakare, priemon\u0117s galima nenuplauti.<\/p>\n<p>Norint pasiekti geriausi\u0105 rezultat\u0105, rekomenduojama proced\u016br\u0105 atlikti 2 kartus per savait\u0119.<br \/>\nMasa\u017euokl\u012f galite naudoti kiekvien\u0105 dien\u0105 pasitepus \u012fprastu kremu.<br \/>\nPo naudojimo, masa\u017euokl\u012f nuplaukite \u0161iltu vandeniu.<\/p>\n<h2 class=\"additional-info-sections__item-title\" data-v-013f5865=\"\">Masa\u017euoklio naudojimo instrukcija<\/h2>\n<p>1.\u00a0Atsukite masa\u017euoklio \u012fjungimo \/ i\u0161jungimo valdymo dal\u012f prie\u0161 laikrod\u017eio rodykl\u0119.<br \/>\n2.\u00a0\u012ed\u0117kite AA tipo baterij\u0105, kuri\u0105 rasite rinkinio d\u0117\u017eut\u0117je.<br \/>\n3.\u00a0Masa\u017euoklis \u012fjungiamas \u0161velniu \u012fjungimo \/ i\u0161jungimo valdymo dallies pasukimu nurodytomis kryptimis ON \/ OFF.<\/p>\n","protected":false},"excerpt":{"rendered":"<p>Veidas yra m\u016bs\u0173 fizin\u0117s, emocin\u0117s, intelektualin\u0117s ir dvasin\u0117s b\u016bkl\u0117s veidrodis, kuriame atsispindi susikaupusios \u012ftampos amplitud\u0117. Pasir\u016bpinkite savo veido oda ir tai bus atgaiva ne tik veidui, bet ir bendrai savijautai bei nuotaikai.<\/p>\n","protected":false},"featured_media":201,"comment_status":"open","ping_status":"closed","template":"","meta":{"_et_pb_use_builder":"","_et_pb_old_content":"","_et_gb_content_width":""},"product_cat":[16],"product_tag":[],"class_list":{"0":"post-200","1":"product","2":"type-product","3":"status-publish","4":"has-post-thumbnail","6":"product_cat-be-kategorijos","8":"first","9":"instock","10":"sale","11":"shipping-taxable","12":"purchasable","13":"product-type-simple"},"jetpack_sharing_enabled":true,"_links":{"self":[{"href":"https:\/\/demo.linker.website\/index.php?rest_route=\/wp\/v2\/product\/200","targetHints":{"allow":["GET"]}}],"collection":[{"href":"https:\/\/demo.linker.website\/index.php?rest_route=\/wp\/v2\/product"}],"about":[{"href":"https:\/\/demo.linker.website\/index.php?rest_route=\/wp\/v2\/types\/product"}],"replies":[{"embeddable":true,"href":"https:\/\/demo.linker.website\/index.php?rest_route=%2Fwp%2Fv2%2Fcomments&post=200"}],"wp:featuredmedia":[{"embeddable":true,"href":"https:\/\/demo.linker.website\/index.php?rest_route=\/wp\/v2\/media\/201"}],"wp:attachment":[{"href":"https:\/\/demo.linker.website\/index.php?rest_route=%2Fwp%2Fv2%2Fmedia&parent=200"}],"wp:term":[{"taxonomy":"product_cat","embeddable":true,"href":"https:\/\/demo.linker.website\/index.php?rest_route=%2Fwp%2Fv2%2Fproduct_cat&post=200"},{"taxonomy":"product_tag","embeddable":true,"href":"https:\/\/demo.linker.website\/index.php?rest_route=%2Fwp%2Fv2%2Fproduct_tag&post=200"}],"curies":[{"name":"wp","href":"https:\/\/api.w.org\/{rel}","templated":true}]}}